{"id":3138,"date":"2021-12-10T11:27:45","date_gmt":"2021-12-10T10:27:45","guid":{"rendered":"https:\/\/www.louss.fr\/politique-de-confidentialite-2\/"},"modified":"2026-01-20T15:09:25","modified_gmt":"2026-01-20T14:09:25","slug":"privacy-policy","status":"publish","type":"page","link":"https:\/\/www.louss.fr\/en\/privacy-policy\/","title":{"rendered":"Privacy Policy"},"content":{"rendered":"<p>Politique de confidentialit\u00e9<\/p>\n<p>La protection de vos donn\u00e9es personnelles fait partie int\u00e9grante des valeurs de LOuss. En utilisant notre site Internet ou en communiquant avec nous par e-mail, vous reconnaissez avoir pris connaissance de la pr\u00e9sente politique de confidentialit\u00e9 qui r\u00e9git l\u2019utilisation et la protection de vos donn\u00e9es personnelles.<\/p>\n<ul>\n<li>Recueil de vos donn\u00e9es personnelles<\/li>\n<\/ul>\n<p>L\u2019expression \u00ab\u00a0donn\u00e9es personnelles\u00a0\u00bb d\u00e9signe toute information concernant une personne physique permettant de l\u2019identifier directement ou indirectement. Il peut s\u2019agir d\u2019une adresse \u00e9lectronique, de l\u2019activit\u00e9 professionnelle, d\u2019informations de paiement, mais \u00e9galement d\u2019une adresse IP, par exemple.<\/p>\n<p>Dans le cours de nos activit\u00e9s nous recueillons et traitons des donn\u00e9es personnelles que vous nous avez transmises directement, via l\u2019enregistrement de votre interaction avec nos services (par exemple, \u00e0 l\u2019aide de cookies sur notre site Internet), ou gr\u00e2ce aux informations transmises par des tiers. Les donn\u00e9es personelles que nous recueillons \u00e0 votre sujet peuvent inclure, sans que cela soit limitatif, nom, pr\u00e9nom, activit\u00e9 professionnelle, adresse \u00e9lectronique, adresse postale, num\u00e9ro(s) de t\u00e9l\u00e9phone, informations relatives \u00e0 la facturation, r\u00e9ponses \u00e0 des enqu\u00eates, d\u00e9tails de commandes, ainsi que d\u2019autres informations que vous pouvez nous fournir \u00e0 votre sujet par l\u2019interm\u00e9diaire de notre site Internet, votre adresse IP ou votre navigateur.<\/p>\n<ul>\n<li>Utilisation de vos donn\u00e9es personnelles<\/li>\n<\/ul>\n<p>Les donn\u00e9es personnelles que nous recueillons \u00e0 votre sujet le sont \u00e0 des fins sp\u00e9cifiques. Elles servent notamment, sans que cela soit limitatif, \u00e0 vous proposer des produits et\/ou solutions, \u00e0 traiter vos demandes sp\u00e9cifiques, \u00e0 vous apporter une assistance technique, \u00e0 g\u00e9rer et faciliter les demandes relatives \u00e0 votre compte, \u00e0 r\u00e9pondre \u00e0 vos questions et commentaires, \u00e0 vous informer sur les modifications apport\u00e9es \u00e0 nos conditions g\u00e9n\u00e9rales de vente ou \u00e0 notre politique de confidentialit\u00e9, \u00e0 vous demander de participer \u00e0 une enqu\u00eate, \u00e0 exploiter et am\u00e9liorer notre site Internet et nos services, \u00e0 r\u00e9gler les \u00e9ventuels litiges. Nous utilisons vos donn\u00e9es personnelles dans les limites autoris\u00e9es par la loi.<\/p>\n<ul>\n<li>Dur\u00e9e de conservation de vos donn\u00e9es personnelles<\/li>\n<\/ul>\n<p>Nous conservons vos donn\u00e9es personnelles aussi longtemps que n\u00e9cessaire aux fins pour lesquelles elles ont \u00e9t\u00e9 recueillies, notamment en mati\u00e8re de satisfaction des exigences l\u00e9gales et comptables. Afin de d\u00e9terminer la p\u00e9riode de conservation appropri\u00e9e des\u00a0 donn\u00e9es personnelles, nous prenons en consid\u00e9ration la quantit\u00e9, la nature et la sensibilit\u00e9 des donn\u00e9es personnelles, le risque potentiel de pr\u00e9judice en cas d\u2019utilisation ou de divulgation non autoris\u00e9e, le but de leur traitement et la possibilit\u00e9 de r\u00e9aliser ces objectifs par d\u2019autres moyens, ainsi que les exigences l\u00e9gales applicables. Nous pouvons conserver certaines informations suite \u00e0 la fermeture de votre compte, si nous avons besoin de satisfaire \u00e0 nos obligations l\u00e9gales, pour exercer, d\u00e9fendre ou appliquer nos droits, en assurer la s\u00e9curit\u00e9 et en pr\u00e9venir la violation, par exemple.<\/p>\n<ul>\n<li>Vos droits<\/li>\n<\/ul>\n<p>Conform\u00e9ment \u00e0 la loi applicable, vous avez un droit d\u2019acc\u00e8s, de rectification, d\u2019effacement, de limitation du traitement, de portabilit\u00e9 des donn\u00e9es et un droit d\u2019objection.<\/p>\n<p>Si vous souhaitez exercer l\u2019un de ces droits, vous pouvez nous contacter\u00a0:<\/p>\n<ul>\n<li>Par e-mail\u00a0: <a href=\"mailto:advlouss@louss.fr\">advlouss@louss.fr<\/a><\/li>\n<li>Par t\u00e9l\u00e9phone\u00a0: 03 80 48 65 68<\/li>\n<li>Par courrier postal\u00a0: LOuss PA Les Terres d\u2019Or, Route de Saint Philibert 21220 Gevrey-Chambertin<\/li>\n<li>Protection de vos donn\u00e9es personnelles<\/li>\n<\/ul>\n<p>Nous avons mis en place et appliquons des mesures physiques, administratives, techniques et organisationnelles appropri\u00e9es afin de prot\u00e9ger les donn\u00e9es personnelles que vous nous communiquez, contre tout acc\u00e8s, utilisation ou divulgation non autoris\u00e9e ou ill\u00e9gale, ainsi que tout dommage, perte, alt\u00e9ration ou destruction accidentels.<\/p>\n<ul>\n<li>Liens externes<\/li>\n<\/ul>\n<p>Notre site Internet peut comporter des liens vers des sites tiers. Si vous acc\u00e9dez \u00e0 des sites Internet \u00e0 partir des liens fournis sur notre site Web, les op\u00e9rateurs de ces sites peuvent recueillir ou partager des informations vous concernant. Ces informations seront utilis\u00e9es par ces op\u00e9rateurs conform\u00e9ment \u00e0 leur politique de confidentialit\u00e9, qui peut diff\u00e9rer de la n\u00f4tre. Nous n\u2019exer\u00e7ons aucun contr\u00f4le sur ces sites tiers et vous recommandons de lire les d\u00e9clarations de confidentialit\u00e9 qui y sont publi\u00e9es.<\/p>\n<ul>\n<li>Modifications de notre politique de confidentialit\u00e9<\/li>\n<\/ul>\n<p>LOuss peut modifier, mettre \u00e0 jour et\/ou remplacer sa politique de confidentialit\u00e9 \u00e0 tout moment. Toute modification prend effet \u00e0 la date de sa publication. Nous vous recommendons par cons\u00e9quent de consulter r\u00e9guli\u00e8rement la pr\u00e9sente politique de confidentialit\u00e9 afin de prendre connaissance de la version la plus r\u00e9cente.<\/p>\n","protected":false},"excerpt":{"rendered":"<p>Politique de confidentialit\u00e9 La protection de vos donn\u00e9es personnelles fait partie int\u00e9grante des valeurs de LOuss. En utilisant notre site Internet ou en communiquant avec nous par e-mail, vous reconnaissez avoir pris connaissance de la pr\u00e9sente politique de confidentialit\u00e9 qui r\u00e9git l\u2019utilisation et la protection de vos donn\u00e9es personnelles. Recueil de vos donn\u00e9es personnelles L\u2019expression &hellip; <a href=\"https:\/\/www.louss.fr\/en\/privacy-policy\/\">Continued<\/a><\/p>\n","protected":false},"author":4,"featured_media":0,"parent":0,"menu_order":25,"comment_status":"closed","ping_status":"closed","template":"views\/template-ml-cgv.blade.php","meta":{"footnotes":""},"class_list":["post-3138","page","type-page","status-publish","hentry"],"yoast_head":"<!-- This site is optimized with the Yoast SEO plugin v27.3 - https:\/\/yoast.com\/product\/yoast-seo-wordpress\/ -->\n<title>Privacy Policy - LOuss<\/title>\n<meta name=\"robots\" content=\"index, follow, max-snippet:-1, max-image-preview:large, max-video-preview:-1\" \/>\n<link rel=\"canonical\" href=\"https:\/\/www.louss.fr\/en\/privacy-policy\/\" \/>\n<meta property=\"og:locale\" content=\"en_US\" \/>\n<meta property=\"og:type\" content=\"article\" \/>\n<meta property=\"og:title\" content=\"Privacy Policy - LOuss\" \/>\n<meta property=\"og:description\" content=\"Politique de confidentialit\u00e9 La protection de vos donn\u00e9es personnelles fait partie int\u00e9grante des valeurs de LOuss. En utilisant notre site Internet ou en communiquant avec nous par e-mail, vous reconnaissez avoir pris connaissance de la pr\u00e9sente politique de confidentialit\u00e9 qui r\u00e9git l\u2019utilisation et la protection de vos donn\u00e9es personnelles. Recueil de vos donn\u00e9es personnelles L\u2019expression &hellip; Continued\" \/>\n<meta property=\"og:url\" content=\"https:\/\/www.louss.fr\/en\/privacy-policy\/\" \/>\n<meta property=\"og:site_name\" content=\"LOuss\" \/>\n<meta property=\"article:modified_time\" content=\"2026-01-20T14:09:25+00:00\" \/>\n<meta name=\"twitter:card\" content=\"summary_large_image\" \/>\n<meta name=\"twitter:label1\" content=\"Est. reading time\" \/>\n\t<meta name=\"twitter:data1\" content=\"4 minutes\" \/>\n<script type=\"application\/ld+json\" class=\"yoast-schema-graph\">{\"@context\":\"https:\\\/\\\/schema.org\",\"@graph\":[{\"@type\":\"WebPage\",\"@id\":\"https:\\\/\\\/www.louss.fr\\\/en\\\/privacy-policy\\\/\",\"url\":\"https:\\\/\\\/www.louss.fr\\\/en\\\/privacy-policy\\\/\",\"name\":\"Privacy Policy - LOuss\",\"isPartOf\":{\"@id\":\"https:\\\/\\\/www.louss.fr\\\/#website\"},\"datePublished\":\"2021-12-10T10:27:45+00:00\",\"dateModified\":\"2026-01-20T14:09:25+00:00\",\"inLanguage\":\"en-US\",\"potentialAction\":[{\"@type\":\"ReadAction\",\"target\":[\"https:\\\/\\\/www.louss.fr\\\/en\\\/privacy-policy\\\/\"]}]},{\"@type\":\"WebSite\",\"@id\":\"https:\\\/\\\/www.louss.fr\\\/#website\",\"url\":\"https:\\\/\\\/www.louss.fr\\\/\",\"name\":\"LOuss\",\"description\":\"\",\"potentialAction\":[{\"@type\":\"SearchAction\",\"target\":{\"@type\":\"EntryPoint\",\"urlTemplate\":\"https:\\\/\\\/www.louss.fr\\\/?s={search_term_string}\"},\"query-input\":{\"@type\":\"PropertyValueSpecification\",\"valueRequired\":true,\"valueName\":\"search_term_string\"}}],\"inLanguage\":\"en-US\"}]}<\/script>\n<!-- \/ Yoast SEO plugin. -->","yoast_head_json":{"title":"Privacy Policy - LOuss","robots":{"index":"index","follow":"follow","max-snippet":"max-snippet:-1","max-image-preview":"max-image-preview:large","max-video-preview":"max-video-preview:-1"},"canonical":"https:\/\/www.louss.fr\/en\/privacy-policy\/","og_locale":"en_US","og_type":"article","og_title":"Privacy Policy - LOuss","og_description":"Politique de confidentialit\u00e9 La protection de vos donn\u00e9es personnelles fait partie int\u00e9grante des valeurs de LOuss. En utilisant notre site Internet ou en communiquant avec nous par e-mail, vous reconnaissez avoir pris connaissance de la pr\u00e9sente politique de confidentialit\u00e9 qui r\u00e9git l\u2019utilisation et la protection de vos donn\u00e9es personnelles. Recueil de vos donn\u00e9es personnelles L\u2019expression &hellip; Continued","og_url":"https:\/\/www.louss.fr\/en\/privacy-policy\/","og_site_name":"LOuss","article_modified_time":"2026-01-20T14:09:25+00:00","twitter_card":"summary_large_image","twitter_misc":{"Est. reading time":"4 minutes"},"schema":{"@context":"https:\/\/schema.org","@graph":[{"@type":"WebPage","@id":"https:\/\/www.louss.fr\/en\/privacy-policy\/","url":"https:\/\/www.louss.fr\/en\/privacy-policy\/","name":"Privacy Policy - LOuss","isPartOf":{"@id":"https:\/\/www.louss.fr\/#website"},"datePublished":"2021-12-10T10:27:45+00:00","dateModified":"2026-01-20T14:09:25+00:00","inLanguage":"en-US","potentialAction":[{"@type":"ReadAction","target":["https:\/\/www.louss.fr\/en\/privacy-policy\/"]}]},{"@type":"WebSite","@id":"https:\/\/www.louss.fr\/#website","url":"https:\/\/www.louss.fr\/","name":"LOuss","description":"","potentialAction":[{"@type":"SearchAction","target":{"@type":"EntryPoint","urlTemplate":"https:\/\/www.louss.fr\/?s={search_term_string}"},"query-input":{"@type":"PropertyValueSpecification","valueRequired":true,"valueName":"search_term_string"}}],"inLanguage":"en-US"}]}},"_links":{"self":[{"href":"https:\/\/www.louss.fr\/en\/wp-json\/wp\/v2\/pages\/3138","targetHints":{"allow":["GET"]}}],"collection":[{"href":"https:\/\/www.louss.fr\/en\/wp-json\/wp\/v2\/pages"}],"about":[{"href":"https:\/\/www.louss.fr\/en\/wp-json\/wp\/v2\/types\/page"}],"author":[{"embeddable":true,"href":"https:\/\/www.louss.fr\/en\/wp-json\/wp\/v2\/users\/4"}],"replies":[{"embeddable":true,"href":"https:\/\/www.louss.fr\/en\/wp-json\/wp\/v2\/comments?post=3138"}],"version-history":[{"count":9,"href":"https:\/\/www.louss.fr\/en\/wp-json\/wp\/v2\/pages\/3138\/revisions"}],"predecessor-version":[{"id":9895,"href":"https:\/\/www.louss.fr\/en\/wp-json\/wp\/v2\/pages\/3138\/revisions\/9895"}],"wp:attachment":[{"href":"https:\/\/www.louss.fr\/en\/wp-json\/wp\/v2\/media?parent=3138"}],"curies":[{"name":"wp","href":"https:\/\/api.w.org\/{rel}","templated":true}]}}